{"id":1968,"date":"2026-01-27T15:35:37","date_gmt":"2026-01-27T15:35:37","guid":{"rendered":"https:\/\/conquistadoresdelasamericas.edu.co\/liceo\/?page_id=1968"},"modified":"2026-01-27T18:03:35","modified_gmt":"2026-01-27T18:03:35","slug":"vision","status":"publish","type":"page","link":"https:\/\/conquistadoresdelasamericas.edu.co\/liceo\/vision\/","title":{"rendered":"Visi\u00f3n"},"content":{"rendered":"<div class=\"wpb-content-wrapper\"><p>[vc_row css=\u00bb.vc_custom_1769469836187{background-image: url(https:\/\/conquistadoresdelasamericas.edu.co\/liceo\/wp-content\/uploads\/2025\/09\/fondo-scaled.png?id=1712) !important;}\u00bb][vc_column][vc_empty_space][vc_empty_space][vc_empty_space][vc_empty_space][vc_row_inner content_placement=\u00bbmiddle\u00bb gap=\u00bb30&#8243;][vc_column_inner width=\u00bb1\/2&#8243;][vc_column_text css=\u00bb\u00bb]<img loading=\"lazy\" decoding=\"async\" class=\"alignnone wp-image-1854 size-medium\" src=\"https:\/\/conquistadoresdelasamericas.edu.co\/liceo\/wp-content\/uploads\/2025\/09\/07-300x63.png\" alt=\"\" width=\"300\" height=\"63\" srcset=\"https:\/\/conquistadoresdelasamericas.edu.co\/liceo\/wp-content\/uploads\/2025\/09\/07-300x63.png 300w, https:\/\/conquistadoresdelasamericas.edu.co\/liceo\/wp-content\/uploads\/2025\/09\/07.png 416w\" sizes=\"auto, (max-width: 300px) 100vw, 300px\" \/><\/p>\n<p><strong>En el Liceo Conquistadores de las Am\u00e9ricas, aspiramos a:<\/strong><\/p>\n<ol>\n<li>Fomentar proyectos que integren dimensiones intelectuales, culturales, art\u00edsticas, f\u00edsicas, deportivas, \u00e9ticas, sociales, espirituales y afectivas en la formaci\u00f3n de nuestros estudiantes.<\/li>\n<li>Implementar t\u00e9cnicas did\u00e1cticas biling\u00fces, integrando el espa\u00f1ol y el ingl\u00e9s de forma fluida.<\/li>\n<li>Estimular la exploraci\u00f3n y la investigaci\u00f3n, promoviendo el conocimiento del entorno escolar, familiar y social.<\/li>\n<li>Utilizar el juego de roles como herramienta fundamental para desarrollar las habilidades y potencialidades de nuestros ni\u00f1os.<\/li>\n<li>Cultivar un fuerte sentido de pertenencia, ayudando a nuestros peque\u00f1os a crear lazos afectivos, de confianza y solidaridad.<\/li>\n<li>Fomentar valores morales que beneficien la convivencia en el hogar y la sociedad.<\/li>\n<li>Dotar a nuestros estudiantes de conocimientos acad\u00e9micos que impulsen su desarrollo y aprendizaje.<\/li>\n<li>Involucrar a los padres de familia en el proceso educativo, haci\u00e9ndolos part\u00edcipes activos en el proceso de ense\u00f1anza-aprendizaje.<\/li>\n<\/ol>\n<p>[\/vc_column_text][\/vc_column_inner][vc_column_inner width=\u00bb1\/2&#8243;][vc_single_image image=\u00bb1973&#8243; img_size=\u00bbfull\u00bb alignment=\u00bbcenter\u00bb css=\u00bb\u00bb][\/vc_column_inner][\/vc_row_inner][vc_empty_space][vc_empty_space][vc_empty_space][vc_empty_space][\/vc_column][\/vc_row]<\/p>\n<\/div>","protected":false},"excerpt":{"rendered":"<p>[vc_row css=\u00bb.vc_custom_1769469836187{background-image: url(https:\/\/conquistadoresdelasamericas.edu.co\/liceo\/wp-content\/uploads\/2025\/09\/fondo-scaled.png?id=1712) !important;}\u00bb][vc_column][vc_empty_space][vc_empty_space][vc_empty_space][vc_empty_space][vc_row_inner content_placement=\u00bbmiddle\u00bb gap=\u00bb30&#8243;][vc_column_inner width=\u00bb1\/2&#8243;][vc_column_text css=\u00bb\u00bb] En el Liceo Conquistadores de las Am\u00e9ricas, aspiramos a: Fomentar proyectos que integren dimensiones intelectuales, culturales, art\u00edsticas, f\u00edsicas, deportivas, \u00e9ticas, sociales, espirituales y afectivas en la formaci\u00f3n de nuestros estudiantes. Implementar t\u00e9cnicas did\u00e1cticas biling\u00fces, integrando el espa\u00f1ol y el ingl\u00e9s de forma fluida. [&hellip;]<\/p>\n","protected":false},"author":1,"featured_media":0,"parent":0,"menu_order":0,"comment_status":"closed","ping_status":"closed","template":"tpl\/front-page.php","meta":{"_monsterinsights_skip_tracking":false,"_monsterinsights_sitenote_active":false,"_monsterinsights_sitenote_note":"","_monsterinsights_sitenote_category":0,"footnotes":""},"class_list":["post-1968","page","type-page","status-publish","hentry"],"aioseo_notices":[],"_links":{"self":[{"href":"https:\/\/conquistadoresdelasamericas.edu.co\/liceo\/wp-json\/wp\/v2\/pages\/1968","targetHints":{"allow":["GET"]}}],"collection":[{"href":"https:\/\/conquistadoresdelasamericas.edu.co\/liceo\/wp-json\/wp\/v2\/pages"}],"about":[{"href":"https:\/\/conquistadoresdelasamericas.edu.co\/liceo\/wp-json\/wp\/v2\/types\/page"}],"author":[{"embeddable":true,"href":"https:\/\/conquistadoresdelasamericas.edu.co\/liceo\/wp-json\/wp\/v2\/users\/1"}],"replies":[{"embeddable":true,"href":"https:\/\/conquistadoresdelasamericas.edu.co\/liceo\/wp-json\/wp\/v2\/comments?post=1968"}],"version-history":[{"count":5,"href":"https:\/\/conquistadoresdelasamericas.edu.co\/liceo\/wp-json\/wp\/v2\/pages\/1968\/revisions"}],"predecessor-version":[{"id":1975,"href":"https:\/\/conquistadoresdelasamericas.edu.co\/liceo\/wp-json\/wp\/v2\/pages\/1968\/revisions\/1975"}],"wp:attachment":[{"href":"https:\/\/conquistadoresdelasamericas.edu.co\/liceo\/wp-json\/wp\/v2\/media?parent=1968"}],"curies":[{"name":"wp","href":"https:\/\/api.w.org\/{rel}","templated":true}]}}