{"id":1957,"date":"2026-01-26T22:45:13","date_gmt":"2026-01-26T22:45:13","guid":{"rendered":"https:\/\/conquistadoresdelasamericas.edu.co\/liceo\/?page_id=1957"},"modified":"2026-01-27T18:02:05","modified_gmt":"2026-01-27T18:02:05","slug":"mision","status":"publish","type":"page","link":"https:\/\/conquistadoresdelasamericas.edu.co\/liceo\/mision\/","title":{"rendered":"Misi\u00f3n"},"content":{"rendered":"<div class=\"wpb-content-wrapper\"><p>[vc_row css=\u00bb.vc_custom_1769469836187{background-image: url(https:\/\/conquistadoresdelasamericas.edu.co\/liceo\/wp-content\/uploads\/2025\/09\/fondo-scaled.png?id=1712) !important;}\u00bb][vc_column][vc_empty_space][vc_empty_space][vc_empty_space][vc_empty_space][vc_row_inner content_placement=\u00bbmiddle\u00bb gap=\u00bb30&#8243;][vc_column_inner width=\u00bb1\/2&#8243;][vc_single_image image=\u00bb1963&#8243; img_size=\u00bbfull\u00bb css=\u00bb\u00bb][\/vc_column_inner][vc_column_inner width=\u00bb1\/2&#8243;][vc_column_text css=\u00bb\u00bb]<img loading=\"lazy\" decoding=\"async\" class=\"alignnone size-medium wp-image-1852\" src=\"https:\/\/conquistadoresdelasamericas.edu.co\/liceo\/wp-content\/uploads\/2025\/09\/06-300x63.png\" alt=\"\" width=\"300\" height=\"63\" srcset=\"https:\/\/conquistadoresdelasamericas.edu.co\/liceo\/wp-content\/uploads\/2025\/09\/06-300x63.png 300w, https:\/\/conquistadoresdelasamericas.edu.co\/liceo\/wp-content\/uploads\/2025\/09\/06.png 416w\" sizes=\"auto, (max-width: 300px) 100vw, 300px\" \/><br \/>\nNuestra misi\u00f3n es crear un espacio donde los ni\u00f1os y ni\u00f1as se sientan felices, seguros y motivados para explorar. Fomentamos la creatividad y la innovaci\u00f3n en un entorno que une la l\u00fadica con valores esenciales. A trav\u00e9s de una educaci\u00f3n biling\u00fce, preparamos a nuestros estudiantes para que enfrenten con confianza las demandas de una sociedad en constante evoluci\u00f3n.[\/vc_column_text][\/vc_column_inner][\/vc_row_inner][vc_empty_space][vc_empty_space][vc_empty_space][vc_empty_space][\/vc_column][\/vc_row]<\/p>\n<\/div>","protected":false},"excerpt":{"rendered":"<p>[vc_row css=\u00bb.vc_custom_1769469836187{background-image: url(https:\/\/conquistadoresdelasamericas.edu.co\/liceo\/wp-content\/uploads\/2025\/09\/fondo-scaled.png?id=1712) !important;}\u00bb][vc_column][vc_empty_space][vc_empty_space][vc_empty_space][vc_empty_space][vc_row_inner content_placement=\u00bbmiddle\u00bb gap=\u00bb30&#8243;][vc_column_inner width=\u00bb1\/2&#8243;][vc_single_image image=\u00bb1963&#8243; img_size=\u00bbfull\u00bb css=\u00bb\u00bb][\/vc_column_inner][vc_column_inner width=\u00bb1\/2&#8243;][vc_column_text css=\u00bb\u00bb] Nuestra misi\u00f3n es crear un espacio donde los ni\u00f1os y ni\u00f1as se sientan felices, seguros y motivados para explorar. Fomentamos la creatividad y la innovaci\u00f3n en un entorno que une la l\u00fadica con valores esenciales. A trav\u00e9s de una [&hellip;]<\/p>\n","protected":false},"author":1,"featured_media":0,"parent":0,"menu_order":0,"comment_status":"closed","ping_status":"closed","template":"tpl\/front-page.php","meta":{"_monsterinsights_skip_tracking":false,"_monsterinsights_sitenote_active":false,"_monsterinsights_sitenote_note":"","_monsterinsights_sitenote_category":0,"footnotes":""},"class_list":["post-1957","page","type-page","status-publish","hentry"],"aioseo_notices":[],"_links":{"self":[{"href":"https:\/\/conquistadoresdelasamericas.edu.co\/liceo\/wp-json\/wp\/v2\/pages\/1957","targetHints":{"allow":["GET"]}}],"collection":[{"href":"https:\/\/conquistadoresdelasamericas.edu.co\/liceo\/wp-json\/wp\/v2\/pages"}],"about":[{"href":"https:\/\/conquistadoresdelasamericas.edu.co\/liceo\/wp-json\/wp\/v2\/types\/page"}],"author":[{"embeddable":true,"href":"https:\/\/conquistadoresdelasamericas.edu.co\/liceo\/wp-json\/wp\/v2\/users\/1"}],"replies":[{"embeddable":true,"href":"https:\/\/conquistadoresdelasamericas.edu.co\/liceo\/wp-json\/wp\/v2\/comments?post=1957"}],"version-history":[{"count":7,"href":"https:\/\/conquistadoresdelasamericas.edu.co\/liceo\/wp-json\/wp\/v2\/pages\/1957\/revisions"}],"predecessor-version":[{"id":1965,"href":"https:\/\/conquistadoresdelasamericas.edu.co\/liceo\/wp-json\/wp\/v2\/pages\/1957\/revisions\/1965"}],"wp:attachment":[{"href":"https:\/\/conquistadoresdelasamericas.edu.co\/liceo\/wp-json\/wp\/v2\/media?parent=1957"}],"curies":[{"name":"wp","href":"https:\/\/api.w.org\/{rel}","templated":true}]}}