{"id":1834,"date":"2025-09-08T23:22:40","date_gmt":"2025-09-08T23:22:40","guid":{"rendered":"https:\/\/conquistadoresdelasamericas.edu.co\/liceo\/?page_id=1834"},"modified":"2026-01-27T18:00:38","modified_gmt":"2026-01-27T18:00:38","slug":"quienes-somos","status":"publish","type":"page","link":"https:\/\/conquistadoresdelasamericas.edu.co\/liceo\/quienes-somos\/","title":{"rendered":"\u00bfQui\u00e9nes Somos?"},"content":{"rendered":"<div class=\"wpb-content-wrapper\"><p>[vc_row full_width=\u00bbstretch_row_content_no_spaces\u00bb css=\u00bb.vc_custom_1757372533788{background-image: url(https:\/\/conquistadoresdelasamericas.edu.co\/liceo\/wp-content\/uploads\/2025\/09\/fondo-scaled.png?id=1712) !important;}\u00bb][vc_column][vc_empty_space][vc_empty_space][vc_empty_space][vc_empty_space][vc_row_inner][vc_column_inner width=\u00bb1\/4&#8243;][\/vc_column_inner][vc_column_inner width=\u00bb1\/2&#8243;][vc_single_image image=\u00bb1837&#8243; img_size=\u00bbfull\u00bb alignment=\u00bbcenter\u00bb css=\u00bb\u00bb][vc_column_text css=\u00bb\u00bb]<span style=\"font-size: 18pt;\"><strong>\u00a1Bienvenidos al Liceo Conquistadores de las Am\u00e9ricas!<\/strong><\/span><\/p>\n<p>En nuestra instituci\u00f3n privada, nos especializamos en la educaci\u00f3n inicial y preescolar, donde la diversi\u00f3n y el aprendizaje van de la mano. Nuestra estrategia pedag\u00f3gica se basa en <strong>\u201cla l\u00fadica\u201d<\/strong>, que no solo hace que nuestros estudiantes se diviertan, sino que tambi\u00e9n crea un ambiente propicio para el desarrollo integral de cada ni\u00f1o.[\/vc_column_text][\/vc_column_inner][vc_column_inner width=\u00bb1\/4&#8243;][\/vc_column_inner][\/vc_row_inner][vc_empty_space][vc_row_inner content_placement=\u00bbmiddle\u00bb gap=\u00bb30&#8243;][vc_column_inner width=\u00bb1\/4&#8243;][\/vc_column_inner][vc_column_inner width=\u00bb1\/4&#8243;][vc_single_image image=\u00bb1983&#8243; img_size=\u00bbfull\u00bb alignment=\u00bbcenter\u00bb css=\u00bb\u00bb][\/vc_column_inner][vc_column_inner width=\u00bb1\/4&#8243;][vc_column_text css=\u00bb\u00bb]En el Liceo, creemos que la educaci\u00f3n no es solo responsabilidad de la escuela. Por eso, nos asociamos con los padres de familia para complementar nuestros programas, forjando juntos un v\u00ednculo s\u00f3lido que fomente el crecimiento y la formaci\u00f3n de nuestros peque\u00f1os conquistadores.<\/p>\n<p><span style=\"font-size: 18pt;\"><strong>Nuestros pilares son claros:<\/strong><\/span><\/p>\n<ul>\n<li><strong>Valores \u00c9ticos:<\/strong>\u00a0Formamos ni\u00f1os y ni\u00f1as con principios s\u00f3lidos.<\/li>\n<li><strong>L\u00fadica:<\/strong>\u00a0La diversi\u00f3n es nuestra herramienta principal para ense\u00f1ar conocimientos morales, emocionales y acad\u00e9micos.<\/li>\n<\/ul>\n<p><strong>Inmersi\u00f3n Ling\u00fc\u00edstica:<\/strong>\u00a0Desarrollamos las cuatro habilidades del idioma extranjero en un entorno donde el ingl\u00e9s y el espa\u00f1ol conviven naturalmente.[\/vc_column_text][\/vc_column_inner][vc_column_inner width=\u00bb1\/4&#8243;][\/vc_column_inner][\/vc_row_inner][vc_empty_space][vc_empty_space][vc_empty_space][vc_empty_space][\/vc_column][\/vc_row]<\/p>\n<\/div>","protected":false},"excerpt":{"rendered":"<p>[vc_row full_width=\u00bbstretch_row_content_no_spaces\u00bb css=\u00bb.vc_custom_1757372533788{background-image: url(https:\/\/conquistadoresdelasamericas.edu.co\/liceo\/wp-content\/uploads\/2025\/09\/fondo-scaled.png?id=1712) !important;}\u00bb][vc_column][vc_empty_space][vc_empty_space][vc_empty_space][vc_empty_space][vc_row_inner][vc_column_inner width=\u00bb1\/4&#8243;][\/vc_column_inner][vc_column_inner width=\u00bb1\/2&#8243;][vc_single_image image=\u00bb1837&#8243; img_size=\u00bbfull\u00bb alignment=\u00bbcenter\u00bb css=\u00bb\u00bb][vc_column_text css=\u00bb\u00bb]\u00a1Bienvenidos al Liceo Conquistadores de las Am\u00e9ricas! En nuestra instituci\u00f3n privada, nos especializamos en la educaci\u00f3n inicial y preescolar, donde la diversi\u00f3n y el aprendizaje van de la mano. Nuestra estrategia pedag\u00f3gica se basa en \u201cla l\u00fadica\u201d, que no solo [&hellip;]<\/p>\n","protected":false},"author":1,"featured_media":0,"parent":0,"menu_order":0,"comment_status":"closed","ping_status":"closed","template":"tpl\/front-page.php","meta":{"_monsterinsights_skip_tracking":false,"_monsterinsights_sitenote_active":false,"_monsterinsights_sitenote_note":"","_monsterinsights_sitenote_category":0,"footnotes":""},"class_list":["post-1834","page","type-page","status-publish","hentry"],"aioseo_notices":[],"_links":{"self":[{"href":"https:\/\/conquistadoresdelasamericas.edu.co\/liceo\/wp-json\/wp\/v2\/pages\/1834","targetHints":{"allow":["GET"]}}],"collection":[{"href":"https:\/\/conquistadoresdelasamericas.edu.co\/liceo\/wp-json\/wp\/v2\/pages"}],"about":[{"href":"https:\/\/conquistadoresdelasamericas.edu.co\/liceo\/wp-json\/wp\/v2\/types\/page"}],"author":[{"embeddable":true,"href":"https:\/\/conquistadoresdelasamericas.edu.co\/liceo\/wp-json\/wp\/v2\/users\/1"}],"replies":[{"embeddable":true,"href":"https:\/\/conquistadoresdelasamericas.edu.co\/liceo\/wp-json\/wp\/v2\/comments?post=1834"}],"version-history":[{"count":20,"href":"https:\/\/conquistadoresdelasamericas.edu.co\/liceo\/wp-json\/wp\/v2\/pages\/1834\/revisions"}],"predecessor-version":[{"id":1985,"href":"https:\/\/conquistadoresdelasamericas.edu.co\/liceo\/wp-json\/wp\/v2\/pages\/1834\/revisions\/1985"}],"wp:attachment":[{"href":"https:\/\/conquistadoresdelasamericas.edu.co\/liceo\/wp-json\/wp\/v2\/media?parent=1834"}],"curies":[{"name":"wp","href":"https:\/\/api.w.org\/{rel}","templated":true}]}}