{"id":1814,"date":"2025-09-08T20:59:52","date_gmt":"2025-09-08T20:59:52","guid":{"rendered":"https:\/\/conquistadoresdelasamericas.edu.co\/liceo\/?page_id=1814"},"modified":"2026-01-27T17:43:57","modified_gmt":"2026-01-27T17:43:57","slug":"bienvenida","status":"publish","type":"page","link":"https:\/\/conquistadoresdelasamericas.edu.co\/liceo\/bienvenida\/","title":{"rendered":"Mensaje de Bienvenida"},"content":{"rendered":"<div class=\"wpb-content-wrapper\"><p>[vc_row full_width=\u00bbstretch_row_content_no_spaces\u00bb css=\u00bb.vc_custom_1757372533788{background-image: url(https:\/\/conquistadoresdelasamericas.edu.co\/liceo\/wp-content\/uploads\/2025\/09\/fondo-scaled.png?id=1712) !important;}\u00bb][vc_column][vc_empty_space][vc_empty_space][vc_empty_space][vc_empty_space][vc_row_inner][vc_column_inner width=\u00bb1\/4&#8243;][\/vc_column_inner][vc_column_inner width=\u00bb1\/2&#8243;][vc_column_text css=\u00bb\u00bb]<span style=\"font-size: 14pt;\">En el <strong>Liceo Conquistadores de las Am\u00e9ricas<\/strong>, estamos comprometidos con el futuro de nuestros estudiantes, creando un entorno donde el aprendizaje es una aventura y cada d\u00eda se convierte en una oportunidad para crecer. \u00a1\u00danete a nosotros y descubre el potencial en cada ni\u00f1o!<\/span>[\/vc_column_text][\/vc_column_inner][vc_column_inner width=\u00bb1\/4&#8243;][\/vc_column_inner][\/vc_row_inner][vc_empty_space][vc_empty_space][vc_row_inner][vc_column_inner width=\u00bb1\/6&#8243;][\/vc_column_inner][vc_column_inner width=\u00bb2\/3&#8243;][vc_single_image image=\u00bb1818&#8243; img_size=\u00bbfull\u00bb alignment=\u00bbcenter\u00bb css=\u00bb\u00bb][vc_column_text css=\u00bb\u00bb]<strong><span style=\"font-size: 24pt;\">\u00a1Bienvenidos al Liceo Conquistadores de las Am\u00e9ricas!<\/span><\/strong><\/p>\n<p>Nos complace enormemente que hayas visitado nuestro espacio virtual, un lugar donde la pasi\u00f3n por la educaci\u00f3n y el compromiso con el bienestar de nuestros estudiantes se unen para crear un ambiente \u00fanico y enriquecedor.<\/p>\n<p>En el Liceo, cada d\u00eda es una nueva oportunidad para descubrir, aprender y crecer. Nuestra misi\u00f3n es guiar a los ni\u00f1os en su camino hacia la excelencia, proporcion\u00e1ndoles no solo conocimientos acad\u00e9micos, sino tambi\u00e9n las herramientas necesarias para desarrollar valores, habilidades y una s\u00f3lida autoestima. Creemos en el poder del aprendizaje l\u00fadico, en la importancia de una educaci\u00f3n biling\u00fce y en el impacto positivo que un entorno seguro y respetuoso puede tener en el desarrollo de nuestros futuros l\u00edderes.<\/p>\n<p>Estamos orgullosos de contar con un equipo educativo excepcional, que se dedica con pasi\u00f3n y profesionalismo a cultivar un ambiente de aprendizaje donde cada ni\u00f1o pueda florecer. Cada miembro de nuestra comunidad, desde nuestros educadores hasta nuestros padres, juega un papel vital en esta hermosa misi\u00f3n compartida.<\/p>\n<p>Te invitamos a explorar nuestra p\u00e1gina para conocer m\u00e1s sobre nuestros programas educativos, actividades, filosof\u00eda y valores. Queremos que te sientas parte de nuestra familia. Aqu\u00ed, cada paso que damos est\u00e1 guiado por el deseo de inspirar y capacitar a nuestros estudiantes para que conquisten el futuro.<\/p>\n<p><strong>\u00a1Gracias por unirte a nosotros en este emocionante viaje educativo!<\/strong><\/p>\n<p>Esperamos verte pronto en el Liceo.<br \/>\nCon cari\u00f1o,<\/p>\n<p><img loading=\"lazy\" decoding=\"async\" class=\"alignnone size-medium wp-image-1832\" src=\"https:\/\/conquistadoresdelasamericas.edu.co\/liceo\/wp-content\/uploads\/2025\/09\/04-300x56.png\" alt=\"\" width=\"300\" height=\"56\" srcset=\"https:\/\/conquistadoresdelasamericas.edu.co\/liceo\/wp-content\/uploads\/2025\/09\/04-300x56.png 300w, https:\/\/conquistadoresdelasamericas.edu.co\/liceo\/wp-content\/uploads\/2025\/09\/04.png 548w\" sizes=\"auto, (max-width: 300px) 100vw, 300px\" \/>[\/vc_column_text][\/vc_column_inner][vc_column_inner width=\u00bb1\/6&#8243;][\/vc_column_inner][\/vc_row_inner][vc_empty_space][vc_empty_space][\/vc_column][\/vc_row]<\/p>\n<\/div>","protected":false},"excerpt":{"rendered":"<p>[vc_row full_width=\u00bbstretch_row_content_no_spaces\u00bb css=\u00bb.vc_custom_1757372533788{background-image: url(https:\/\/conquistadoresdelasamericas.edu.co\/liceo\/wp-content\/uploads\/2025\/09\/fondo-scaled.png?id=1712) !important;}\u00bb][vc_column][vc_empty_space][vc_empty_space][vc_empty_space][vc_empty_space][vc_row_inner][vc_column_inner width=\u00bb1\/4&#8243;][\/vc_column_inner][vc_column_inner width=\u00bb1\/2&#8243;][vc_column_text css=\u00bb\u00bb]En el Liceo Conquistadores de las Am\u00e9ricas, estamos comprometidos con el futuro de nuestros estudiantes, creando un entorno donde el aprendizaje es una aventura y cada d\u00eda se convierte en una oportunidad para crecer. \u00a1\u00danete a nosotros y descubre el potencial en cada ni\u00f1o![\/vc_column_text][\/vc_column_inner][vc_column_inner [&hellip;]<\/p>\n","protected":false},"author":1,"featured_media":0,"parent":0,"menu_order":0,"comment_status":"closed","ping_status":"closed","template":"tpl\/front-page.php","meta":{"_monsterinsights_skip_tracking":false,"_monsterinsights_sitenote_active":false,"_monsterinsights_sitenote_note":"","_monsterinsights_sitenote_category":0,"footnotes":""},"class_list":["post-1814","page","type-page","status-publish","hentry"],"aioseo_notices":[],"_links":{"self":[{"href":"https:\/\/conquistadoresdelasamericas.edu.co\/liceo\/wp-json\/wp\/v2\/pages\/1814","targetHints":{"allow":["GET"]}}],"collection":[{"href":"https:\/\/conquistadoresdelasamericas.edu.co\/liceo\/wp-json\/wp\/v2\/pages"}],"about":[{"href":"https:\/\/conquistadoresdelasamericas.edu.co\/liceo\/wp-json\/wp\/v2\/types\/page"}],"author":[{"embeddable":true,"href":"https:\/\/conquistadoresdelasamericas.edu.co\/liceo\/wp-json\/wp\/v2\/users\/1"}],"replies":[{"embeddable":true,"href":"https:\/\/conquistadoresdelasamericas.edu.co\/liceo\/wp-json\/wp\/v2\/comments?post=1814"}],"version-history":[{"count":17,"href":"https:\/\/conquistadoresdelasamericas.edu.co\/liceo\/wp-json\/wp\/v2\/pages\/1814\/revisions"}],"predecessor-version":[{"id":1981,"href":"https:\/\/conquistadoresdelasamericas.edu.co\/liceo\/wp-json\/wp\/v2\/pages\/1814\/revisions\/1981"}],"wp:attachment":[{"href":"https:\/\/conquistadoresdelasamericas.edu.co\/liceo\/wp-json\/wp\/v2\/media?parent=1814"}],"curies":[{"name":"wp","href":"https:\/\/api.w.org\/{rel}","templated":true}]}}